{"id":57,"date":"2023-09-10T15:44:01","date_gmt":"2023-09-10T15:44:01","guid":{"rendered":"https:\/\/kantahameenaliupseerit.fi\/wordpress\/?page_id=57"},"modified":"2024-03-07T22:20:20","modified_gmt":"2024-03-07T19:20:20","slug":"vuoden-aliupseerit","status":"publish","type":"page","link":"https:\/\/kantahameenaliupseerit.fi\/index.php\/vuoden-aliupseerit\/","title":{"rendered":"Vuoden aliupseerit"},"content":{"rendered":"<p><strong>Kanta-H\u00e4meen Aliupseerit ry:n vuoden aliupseerit<\/strong><\/p>\n<p>(Listassa vuosiluku mink\u00e4 vuoden vuosikokouksessa julkaistu)<\/p>\n<p>&nbsp;<\/p>\n<p>2017 Niklas Eriksson<\/p>\n<p>2018 Juha L\u00e4ms\u00e4<\/p>\n<p>2019 Outi Kettunen<\/p>\n<p>2020 Matti Ruuska<\/p>\n<p>2021 Joni-Pekka Koivisto<\/p>\n<p>2022 Sami Pyy<\/p>\n<p>2023 ei valittu<\/p>\n<p>2024 Visa Virolainen<\/p>\n<p>&nbsp;<\/p>\n","protected":false},"excerpt":{"rendered":"<p>Kanta-H\u00e4meen Aliupseerit ry:n vuoden aliupseerit (Listassa vuosiluku mink\u00e4 vuoden vuosikokouksessa julkaistu) &nbsp; 2017 Niklas Eriksson 2018 Juha L\u00e4ms\u00e4 2019 Outi Kettunen 2020 Matti Ruuska 2021 Joni-Pekka Koivisto 2022 Sami Pyy &hellip; <\/p>\n","protected":false},"author":1,"featured_media":0,"parent":0,"menu_order":0,"comment_status":"closed","ping_status":"closed","template":"","meta":{"footnotes":""},"class_list":["post-57","page","type-page","status-publish","hentry"],"_links":{"self":[{"href":"https:\/\/kantahameenaliupseerit.fi\/index.php\/wp-json\/wp\/v2\/pages\/57","targetHints":{"allow":["GET"]}}],"collection":[{"href":"https:\/\/kantahameenaliupseerit.fi\/index.php\/wp-json\/wp\/v2\/pages"}],"about":[{"href":"https:\/\/kantahameenaliupseerit.fi\/index.php\/wp-json\/wp\/v2\/types\/page"}],"author":[{"embeddable":true,"href":"https:\/\/kantahameenaliupseerit.fi\/index.php\/wp-json\/wp\/v2\/users\/1"}],"replies":[{"embeddable":true,"href":"https:\/\/kantahameenaliupseerit.fi\/index.php\/wp-json\/wp\/v2\/comments?post=57"}],"version-history":[{"count":2,"href":"https:\/\/kantahameenaliupseerit.fi\/index.php\/wp-json\/wp\/v2\/pages\/57\/revisions"}],"predecessor-version":[{"id":339,"href":"https:\/\/kantahameenaliupseerit.fi\/index.php\/wp-json\/wp\/v2\/pages\/57\/revisions\/339"}],"wp:attachment":[{"href":"https:\/\/kantahameenaliupseerit.fi\/index.php\/wp-json\/wp\/v2\/media?parent=57"}],"curies":[{"name":"wp","href":"https:\/\/api.w.org\/{rel}","templated":true}]}}