{"id":54,"date":"2023-09-10T15:40:15","date_gmt":"2023-09-10T15:40:15","guid":{"rendered":"https:\/\/kantahameenaliupseerit.fi\/wordpress\/?page_id=54"},"modified":"2024-03-07T22:20:51","modified_gmt":"2024-03-07T19:20:51","slug":"keilamestarit","status":"publish","type":"page","link":"https:\/\/kantahameenaliupseerit.fi\/index.php\/keilamestarit\/","title":{"rendered":"Keilamestarit"},"content":{"rendered":"<p><strong>Kanta-H\u00e4meen Aliupseerit ry:n keilamestarit<br \/>\n<\/strong><\/p>\n<p><a href=\"https:\/\/www.kantahameenaliupseerit.fi\/wp-files\/asiakirjat\/Kanta-Hameen_Aliupseerit_ry_Keilamestaruuskilpailuiden_Saannot_2019.pdf\" target=\"_blank\" rel=\"noopener noreferrer\">Keilamestaruuskilpailuiden S\u00e4\u00e4nn\u00f6t<\/a><\/p>\n<p>&nbsp;<\/p>\n<p>2017 Christian Mikkonen<\/p>\n<p>2018 Ari Mustonen<\/p>\n<p>2019 Ari Mustonen<\/p>\n<p>2020 ei kilpailtu<\/p>\n<p>2021 ei kilpailtu<\/p>\n<p>2022 Lauri Suonp\u00e4\u00e4<\/p>\n<p>2023 Miika Sepp\u00e4nen<\/p>\n<p>&nbsp;<\/p>\n","protected":false},"excerpt":{"rendered":"<p>Kanta-H\u00e4meen Aliupseerit ry:n keilamestarit Keilamestaruuskilpailuiden S\u00e4\u00e4nn\u00f6t &nbsp; 2017 Christian Mikkonen 2018 Ari Mustonen 2019 Ari Mustonen 2020 ei kilpailtu 2021 ei kilpailtu 2022 Lauri Suonp\u00e4\u00e4 2023 Miika Sepp\u00e4nen &nbsp;<\/p>\n","protected":false},"author":1,"featured_media":0,"parent":0,"menu_order":0,"comment_status":"closed","ping_status":"closed","template":"","meta":{"footnotes":""},"class_list":["post-54","page","type-page","status-publish","hentry"],"_links":{"self":[{"href":"https:\/\/kantahameenaliupseerit.fi\/index.php\/wp-json\/wp\/v2\/pages\/54","targetHints":{"allow":["GET"]}}],"collection":[{"href":"https:\/\/kantahameenaliupseerit.fi\/index.php\/wp-json\/wp\/v2\/pages"}],"about":[{"href":"https:\/\/kantahameenaliupseerit.fi\/index.php\/wp-json\/wp\/v2\/types\/page"}],"author":[{"embeddable":true,"href":"https:\/\/kantahameenaliupseerit.fi\/index.php\/wp-json\/wp\/v2\/users\/1"}],"replies":[{"embeddable":true,"href":"https:\/\/kantahameenaliupseerit.fi\/index.php\/wp-json\/wp\/v2\/comments?post=54"}],"version-history":[{"count":5,"href":"https:\/\/kantahameenaliupseerit.fi\/index.php\/wp-json\/wp\/v2\/pages\/54\/revisions"}],"predecessor-version":[{"id":340,"href":"https:\/\/kantahameenaliupseerit.fi\/index.php\/wp-json\/wp\/v2\/pages\/54\/revisions\/340"}],"wp:attachment":[{"href":"https:\/\/kantahameenaliupseerit.fi\/index.php\/wp-json\/wp\/v2\/media?parent=54"}],"curies":[{"name":"wp","href":"https:\/\/api.w.org\/{rel}","templated":true}]}}